{"id":19,"date":"2018-11-16T18:35:41","date_gmt":"2018-11-16T18:35:41","guid":{"rendered":"https:\/\/clubdetintos.com\/?page_id=19"},"modified":"2019-05-13T17:57:01","modified_gmt":"2019-05-13T17:57:01","slug":"conceptos-basicos","status":"publish","type":"page","link":"https:\/\/clubdetintos.com\/?page_id=19","title":{"rendered":"Conceptos b\u00e1sicos"},"content":{"rendered":"<h1>Te dejamos a detalle los conceptos b\u00e1sicos m\u00e1s utilizados en el mundo de los vinos, que te ayudar\u00e1n a adentrarte de una sencilla manera en este apasionante mundo.<\/h1>\n<p><img loading=\"lazy\" class=\"aligncenter wp-image-55 size-large\" src=\"https:\/\/clubdetintos.com\/wp-content\/uploads\/2018\/11\/d_khzoqrx5s-1024x683.jpg\" alt=\"\" width=\"1024\" height=\"683\" \/><\/p>\n<hr \/>\n<h2>Alcohol<\/h2>\n<p>&nbsp;<\/p>\n<h2>Acidez<\/h2>\n<p>&nbsp;<\/p>\n<h2>Dulzura<\/h2>\n<h2>Equilibrio<\/h2>\n<h2>Persistencia<\/h2>\n<h2>Intensidad<\/h2>\n<h2>Complejidad<\/h2>\n<h2>Taninos<\/h2>\n<h2>T\u00e1rtaros<\/h2>\n<h2>Envinar<\/h2>\n<p>&nbsp;<\/p>\n<p>&nbsp;<\/p>\n","protected":false},"excerpt":{"rendered":"<p>Te dejamos a detalle los conceptos b\u00e1sicos m\u00e1s utilizados en el mundo de los vinos, que te ayudar\u00e1n a adentrarte de una sencilla manera en este apasionante mundo. Alcohol &nbsp; Acidez &nbsp; Dulzura Equilibrio Persistencia Intensidad Complejidad Taninos T\u00e1rtaros Envinar &nbsp; &nbsp;<\/p>\n","protected":false},"author":1,"featured_media":0,"parent":0,"menu_order":0,"comment_status":"closed","ping_status":"closed","template":"","meta":[],"_links":{"self":[{"href":"https:\/\/clubdetintos.com\/index.php?rest_route=\/wp\/v2\/pages\/19"}],"collection":[{"href":"https:\/\/clubdetintos.com\/index.php?rest_route=\/wp\/v2\/pages"}],"about":[{"href":"https:\/\/clubdetintos.com\/index.php?rest_route=\/wp\/v2\/types\/page"}],"author":[{"embeddable":true,"href":"https:\/\/clubdetintos.com\/index.php?rest_route=\/wp\/v2\/users\/1"}],"replies":[{"embeddable":true,"href":"https:\/\/clubdetintos.com\/index.php?rest_route=%2Fwp%2Fv2%2Fcomments&post=19"}],"version-history":[{"count":1,"href":"https:\/\/clubdetintos.com\/index.php?rest_route=\/wp\/v2\/pages\/19\/revisions"}],"predecessor-version":[{"id":76,"href":"https:\/\/clubdetintos.com\/index.php?rest_route=\/wp\/v2\/pages\/19\/revisions\/76"}],"wp:attachment":[{"href":"https:\/\/clubdetintos.com\/index.php?rest_route=%2Fwp%2Fv2%2Fmedia&parent=19"}],"curies":[{"name":"wp","href":"https:\/\/api.w.org\/{rel}","templated":true}]}}